{"id":4524,"date":"2026-01-20T23:15:23","date_gmt":"2026-01-20T23:15:23","guid":{"rendered":"https:\/\/clinicadelasemociones.com.mx\/?page_id=4524"},"modified":"2026-01-20T23:15:49","modified_gmt":"2026-01-20T23:15:49","slug":"precios","status":"publish","type":"page","link":"https:\/\/clinicadelasemociones.com.mx\/es\/precios\/","title":{"rendered":"Precios"},"content":{"rendered":"<p>PAGOS EN EFECTIVO O RETIRO SIN TARJETA<\/p>\n<ul>\n<li>Psicoterapia de primera vez online $350<\/li>\n<li>Psicoterapia de primera vez presencial sin tomar promoci\u00f3n: $420<\/li>\n<li>Psicoterapia de primera vez presencial al tomar promoci\u00f3n: $500<\/li>\n<li>Psicoterapia subsecuente online: $425<\/li>\n<li>Psicoterapia subsecuente presencial: $500<\/li>\n<li>Promoci\u00f3n 4 sesiones online o presencial psic\u00f3logo general: $1150<\/li>\n<li>Promoci\u00f3n de 4 sesiones online especialista: $1850<\/li>\n<li>Promoci\u00f3n 1 sesi\u00f3n presencial y 3 online psic\u00f3logo general: $1250<\/li>\n<li>Promoci\u00f3n 1 sesi\u00f3n presencial y 3 online psic\u00f3logo especialista: $1600<\/li>\n<\/ul>\n<p>&nbsp;<\/p>\n<p>PAGOS TRANSFERENCIA O DEP\u00d3SITO<\/p>\n<ul>\n<li>Psicoterapia de primera vez online $500<\/li>\n<li>Psicoterapia de primera vez presencial sin tomar promoci\u00f3n: $520<\/li>\n<li>Psicoterapia de primera vez presencial al tomar promoci\u00f3n: $600<\/li>\n<li>Psicoterapia subsecuente online: $550<\/li>\n<li>Psicoterapia subsecuente presencial: $650<\/li>\n<li>Promoci\u00f3n 4 sesiones online o presencial psic\u00f3logo general: $1450<\/li>\n<li>Promoci\u00f3n de 4 sesiones online especialista: $2300<\/li>\n<li>Promoci\u00f3n 1 sesi\u00f3n presencial y 3 online psic\u00f3logo general: $1600<\/li>\n<li>Promoci\u00f3n 1 sesi\u00f3n presencial y 3 online psic\u00f3logo especialista: $2000<\/li>\n<\/ul>\n<p>&nbsp;<\/p>\n<p>Si requiere hacer pago en efectivo puede acudir a la sucursal centro con previa cita, se puede comunicar al whatsApp 5520241019, tambi\u00e9n puede llamar al 5555495991. Nuestra direcci\u00f3n de pago es: Arizona 14, N\u00e1poles, Benito Ju\u00e1rez, CDMX, 03810.<\/p>\n<p>Gracias por su pago.<\/p>\n<p>&nbsp;<\/p>\n<p>&nbsp;<\/p>\n<p>&nbsp;<\/p>","protected":false},"excerpt":{"rendered":"<p>PAGOS EN EFECTIVO O RETIRO SIN TARJETA Psicoterapia de primera vez online $350 Psicoterapia de primera vez presencial sin tomar promoci\u00f3n: $420 Psicoterapia de primera vez presencial al tomar promoci\u00f3n:&#8230; <\/p>\n<div class=\"clear\"><\/div>\n<p><a href=\"https:\/\/clinicadelasemociones.com.mx\/es\/precios\/\" class=\"gdlr-button with-border excerpt-read-more\">Read More<\/a><\/p>","protected":false},"author":1,"featured_media":0,"parent":0,"menu_order":0,"comment_status":"closed","ping_status":"closed","template":"","meta":{"footnotes":""},"class_list":["post-4524","page","type-page","status-publish","hentry"],"_links":{"self":[{"href":"https:\/\/clinicadelasemociones.com.mx\/es\/wp-json\/wp\/v2\/pages\/4524","targetHints":{"allow":["GET"]}}],"collection":[{"href":"https:\/\/clinicadelasemociones.com.mx\/es\/wp-json\/wp\/v2\/pages"}],"about":[{"href":"https:\/\/clinicadelasemociones.com.mx\/es\/wp-json\/wp\/v2\/types\/page"}],"author":[{"embeddable":true,"href":"https:\/\/clinicadelasemociones.com.mx\/es\/wp-json\/wp\/v2\/users\/1"}],"replies":[{"embeddable":true,"href":"https:\/\/clinicadelasemociones.com.mx\/es\/wp-json\/wp\/v2\/comments?post=4524"}],"version-history":[{"count":3,"href":"https:\/\/clinicadelasemociones.com.mx\/es\/wp-json\/wp\/v2\/pages\/4524\/revisions"}],"predecessor-version":[{"id":4526,"href":"https:\/\/clinicadelasemociones.com.mx\/es\/wp-json\/wp\/v2\/pages\/4524\/revisions\/4526"}],"wp:attachment":[{"href":"https:\/\/clinicadelasemociones.com.mx\/es\/wp-json\/wp\/v2\/media?parent=4524"}],"curies":[{"name":"wp","href":"https:\/\/api.w.org\/{rel}","templated":true}]}}